{"id":86,"date":"2019-04-02T15:44:48","date_gmt":"2019-04-02T15:44:48","guid":{"rendered":"http:\/\/drvokod.eu\/?page_id=86"},"modified":"2021-01-16T17:30:36","modified_gmt":"2021-01-16T17:30:36","slug":"skole","status":"publish","type":"page","link":"http:\/\/drvokod.eu\/?page_id=86","title":{"rendered":"\u0160KOLE"},"content":{"rendered":"<p><span style=\"color: #003300;\">Kontinuitet rada &gt;&gt;&gt;&gt;&gt;&gt;&gt;&gt;&gt;&gt;&gt;&gt;&gt;&gt;&gt;&gt;&gt;&gt;&gt;&gt;&gt;&gt;&gt;&gt;&gt;&gt;&gt;&gt;&gt;&gt;&gt;&gt;&gt;&gt;&gt;&gt; Zadnja promjena:14.10.2019. [<\/span><span style=\"color: #003300;\">20:00]<\/span><\/p>\n\n<table id=\"tablepress-2\" class=\"tablepress tablepress-id-2\">\n<thead>\n<tr class=\"row-1 odd\">\n\t<th class=\"column-1\">NAZIV \u0160KOLE I MJESTO       |     Broj biljnih vrsta ><\/th><th class=\"column-2\">naslov<\/th><th class=\"column-3\">tekst<\/th><th class=\"column-4\">slike<\/th><th class=\"column-5\">Ukupno<\/th>\n<\/tr>\n<\/thead>\n<tfoot>\n<tr class=\"row-16 even\">\n\t<th class=\"column-1\">UKUPNO<\/th><th class=\"column-2\">90<\/th><th class=\"column-3\">90<\/th><th class=\"column-4\">90<\/th><th class=\"column-5\">270<\/th>\n<\/tr>\n<\/tfoot>\n<tbody class=\"row-hover\">\n<tr class=\"row-2 even\">\n\t<td class=\"column-1\">O\u0160\u00a0 Vladimira Nazora ,\u00a0 Daruvar<\/td><td class=\"column-2\">6<\/td><td class=\"column-3\">6<\/td><td class=\"column-4\">6<\/td><td class=\"column-5\">18<\/td>\n<\/tr>\n<tr class=\"row-3 odd\">\n\t<td class=\"column-1\">I. osnovna \u0161kola Bjelovar<\/td><td class=\"column-2\">5<\/td><td class=\"column-3\">5<\/td><td class=\"column-4\">5<\/td><td class=\"column-5\">15<\/td>\n<\/tr>\n<tr class=\"row-4 even\">\n\t<td class=\"column-1\">III.  osnovna \u0161kola Bjelovar<\/td><td class=\"column-2\">5<\/td><td class=\"column-3\">5<\/td><td class=\"column-4\">5<\/td><td class=\"column-5\">15<\/td>\n<\/tr>\n<tr class=\"row-5 odd\">\n\t<td class=\"column-1\">IV.  osnovna \u0161kola Bjelovar<\/td><td class=\"column-2\">13<\/td><td class=\"column-3\">13<\/td><td class=\"column-4\">13<\/td><td class=\"column-5\">39<\/td>\n<\/tr>\n<tr class=\"row-6 even\">\n\t<td class=\"column-1\">O\u0160 Velika Pisanica<\/td><td class=\"column-2\">7<\/td><td class=\"column-3\">7<\/td><td class=\"column-4\">7<\/td><td class=\"column-5\">21<\/td>\n<\/tr>\n<tr class=\"row-7 odd\">\n\t<td class=\"column-1\">O\u0160 I. N. Jemer\u0161i\u0107a, Grubi\u0161no Polje<\/td><td class=\"column-2\">9<\/td><td class=\"column-3\">9<\/td><td class=\"column-4\">9<\/td><td class=\"column-5\">18<\/td>\n<\/tr>\n<tr class=\"row-8 even\">\n\t<td class=\"column-1\">O\u0160 Veliko Trojstvo<\/td><td class=\"column-2\">5<\/td><td class=\"column-3\">5<\/td><td class=\"column-4\">5<\/td><td class=\"column-5\">15<\/td>\n<\/tr>\n<tr class=\"row-9 odd\">\n\t<td class=\"column-1\">O\u0160 Rovi\u0161\u0107e<\/td><td class=\"column-2\">7<\/td><td class=\"column-3\">7<\/td><td class=\"column-4\">7<\/td><td class=\"column-5\">21<\/td>\n<\/tr>\n<tr class=\"row-10 even\">\n\t<td class=\"column-1\">O\u0160 \u00d0ulovac<\/td><td class=\"column-2\">5<\/td><td class=\"column-3\">5<\/td><td class=\"column-4\">5<\/td><td class=\"column-5\">15<\/td>\n<\/tr>\n<tr class=\"row-11 odd\">\n\t<td class=\"column-1\">O\u0160 \u010cazma<\/td><td class=\"column-2\">5<\/td><td class=\"column-3\">5<\/td><td class=\"column-4\">5<\/td><td class=\"column-5\">15<\/td>\n<\/tr>\n<tr class=\"row-12 even\">\n\t<td class=\"column-1\">O\u0160 Mate Lovraka, Veliki Gr\u00f0evac<\/td><td class=\"column-2\">5<\/td><td class=\"column-3\">5<\/td><td class=\"column-4\">5<\/td><td class=\"column-5\">15<\/td>\n<\/tr>\n<tr class=\"row-13 odd\">\n\t<td class=\"column-1\">\u010cO\u0160 J. A. Komenskog, Daruvar<\/td><td class=\"column-2\">5<\/td><td class=\"column-3\">5<\/td><td class=\"column-4\">5<\/td><td class=\"column-5\">15<\/td>\n<\/tr>\n<tr class=\"row-14 even\">\n\t<td class=\"column-1\">II. osnovna \u0161kola Bjelovar<\/td><td class=\"column-2\">5<\/td><td class=\"column-3\">5<\/td><td class=\"column-4\">5<\/td><td class=\"column-5\">15<\/td>\n<\/tr>\n<tr class=\"row-15 odd\">\n\t<td class=\"column-1\">O\u0160 Sira\u010d<\/td><td class=\"column-2\">8<\/td><td class=\"column-3\">8<\/td><td class=\"column-4\">8<\/td><td class=\"column-5\">24<\/td>\n<\/tr>\n<\/tbody>\n<\/table>\n<!-- #tablepress-2 from cache -->\n<p>&nbsp;<\/p>\n","protected":false},"excerpt":{"rendered":"<p>Kontinuitet rada &gt;&gt;&gt;&gt;&gt;&gt;&gt;&gt;&gt;&gt;&gt;&gt;&gt;&gt;&gt;&gt;&gt;&gt;&gt;&gt;&gt;&gt;&gt;&gt;&gt;&gt;&gt;&gt;&gt;&gt;&gt;&gt;&gt;&gt;&gt;&gt; Zadnja promjena:14.10.2019. [20:00] &nbsp;<\/p>\n","protected":false},"author":1,"featured_media":370,"parent":0,"menu_order":0,"comment_status":"closed","ping_status":"closed","template":"","meta":{"footnotes":""},"class_list":["post-86","page","type-page","status-publish","has-post-thumbnail","hentry"],"_links":{"self":[{"href":"http:\/\/drvokod.eu\/index.php?rest_route=\/wp\/v2\/pages\/86"}],"collection":[{"href":"http:\/\/drvokod.eu\/index.php?rest_route=\/wp\/v2\/pages"}],"about":[{"href":"http:\/\/drvokod.eu\/index.php?rest_route=\/wp\/v2\/types\/page"}],"author":[{"embeddable":true,"href":"http:\/\/drvokod.eu\/index.php?rest_route=\/wp\/v2\/users\/1"}],"replies":[{"embeddable":true,"href":"http:\/\/drvokod.eu\/index.php?rest_route=%2Fwp%2Fv2%2Fcomments&post=86"}],"version-history":[{"count":19,"href":"http:\/\/drvokod.eu\/index.php?rest_route=\/wp\/v2\/pages\/86\/revisions"}],"predecessor-version":[{"id":296,"href":"http:\/\/drvokod.eu\/index.php?rest_route=\/wp\/v2\/pages\/86\/revisions\/296"}],"wp:featuredmedia":[{"embeddable":true,"href":"http:\/\/drvokod.eu\/index.php?rest_route=\/wp\/v2\/media\/370"}],"wp:attachment":[{"href":"http:\/\/drvokod.eu\/index.php?rest_route=%2Fwp%2Fv2%2Fmedia&parent=86"}],"curies":[{"name":"wp","href":"https:\/\/api.w.org\/{rel}","templated":true}]}}