{"id":84,"date":"2019-04-02T15:26:02","date_gmt":"2019-04-02T15:26:02","guid":{"rendered":"http:\/\/drvokod.eu\/?page_id=84"},"modified":"2025-02-27T12:07:12","modified_gmt":"2025-02-27T12:07:12","slug":"o-nama","status":"publish","type":"page","link":"http:\/\/drvokod.eu\/?page_id=84","title":{"rendered":"O NAMA"},"content":{"rendered":"<h2 style=\"text-align: center;\"><span style=\"color: #008000;\">Autori programa DRVOKOD<\/span><\/h2>\n<p style=\"text-align: left;\"><span style=\"color: #800080;\"><strong>Bernarda Musovi\u0107, <span style=\"color: #333333;\">profesorica biologije i kemije, u\u010diteljica mentorica. Aktivna u STEM podru\u010dju. Koristi napredne tehnologije u nastavi.\u00a0 Bavi se programiranjem i uvo\u0111enjem micro:bit-a u nastavu. Polaznik je mnogih CARNet-ovih te\u010daja i seminara.<\/span><\/strong><\/span><\/p>\n<p><span style=\"color: #800080;\"><strong><span style=\"color: #333333;\">Aktivno je sudjelovala u osmi\u0161ljavanju projektu &#8220;Drvokod&#8221;, te njegovom predstavljanju na Carnetovoj korisni\u010dkoj konferenciji 2018. u \u0160ibeniku.<\/span><\/strong><\/span><\/p>\n<p style=\"text-align: left;\"><span style=\"color: #800080;\"><strong>Branko Rai\u010dkovi\u0107, <\/strong><\/span><span style=\"color: #333333;\"><strong>nastavnik matematike-fizike, u\u010ditelj-savjetnik informatike, voditelj vannastavne aktivnosti robotike. Dugogodi\u0161nji je mentor u\u010denika na dr\u017eavnim natjecanjima. <\/strong><\/span><\/p>\n<p style=\"text-align: left;\"><span style=\"color: #333333;\"><strong>Dobitnik je mnogih priznanja za svoj rad: Povelja Hrvatske zajednice tehni\u010dke kulture, Grba grada Bjelovara za osobit doprinos u ovom podru\u010dju, micro:bit ambasador, te po\u010dasni instruktor-savjetnik HZTK. Dobitnik Dr\u017eavne nagrade &#8220;Faust Vran\u010di\u0107&#8221;<\/strong><\/span><\/p>\n<p><span style=\"color: #333333;\"><strong>Ujedno je i predsjednik Udruge informati\u010dara Bjelovarsko-bilogorske \u017eupanije i Predsjednik Zajednice tehni\u010dke kulture Bjelovarsko-bilogorske \u017eupanije.<\/strong><\/span><\/p>\n<h2 dir=\"ltr\" data-placeholder=\"Prijevod\"><\/h2>\n<h2 dir=\"ltr\" data-placeholder=\"Prijevod\"><\/h2>\n<h2 id=\"tw-target-text\" class=\"tw-data-text tw-text-large tw-ta\" dir=\"ltr\" style=\"text-align: center;\" data-placeholder=\"Prijevod\"><span class=\"Y2IQFc\" lang=\"en\" style=\"color: #008000;\">Authors of the DRVOKOD program <\/span><\/h2>\n<p class=\"tw-data-text tw-text-large tw-ta\" dir=\"ltr\" data-placeholder=\"Prijevod\"><span class=\"Y2IQFc\" lang=\"en\"><strong><span style=\"color: #800080;\">Bernarda Musovi\u0107<\/span>,<\/strong> professor of biology and chemistry, mentor teacher. Active in the STEM field. Uses advanced technologies in teaching. She deals with programming and introduction of micro:bit in classes. She is a participant of many CARNet courses and seminars. She actively participated in the design of the &#8220;Drvokod&#8221; project and its presentation at Carnet&#8217;s user conference in 2018 in \u0160ibenik. <\/span><\/p>\n<p class=\"tw-data-text tw-text-large tw-ta\" dir=\"ltr\" data-placeholder=\"Prijevod\"><span class=\"Y2IQFc\" lang=\"en\"><span style=\"color: #800080;\"><strong>Branko Rai\u010dkovi\u0107<\/strong><\/span>, mathematics-physics teacher, computer science teacher-adviser, leader of robotics extracurricular activities. He is a long-time mentor of students at state competitions. He is the recipient of many awards for his work: the Charter of the Croatian Association of Technical Culture, the Coat of Arms of the City of Bjelovar for his special contribution in this field, micro:bit ambassador, and honorary instructor-advisor of HZTK. He is also the president of the Bjelovar-Bilogora County Informatics Association and the President of the Technical Culture Community of the Bjelovar-Bilogora County. Winner of the &#8220;Faust Vran\u010di\u0107&#8221; State Award.<\/span><\/p>\n","protected":false},"excerpt":{"rendered":"<p>Autori programa DRVOKOD Bernarda Musovi\u0107, profesorica biologije i kemije, u\u010diteljica mentorica. Aktivna u STEM podru\u010dju. Koristi napredne tehnologije u nastavi.\u00a0 Bavi se programiranjem i uvo\u0111enjem micro:bit-a u nastavu. Polaznik je mnogih CARNet-ovih te\u010daja i seminara. Aktivno je sudjelovala u osmi\u0161ljavanju projektu &#8220;Drvokod&#8221;, te njegovom predstavljanju na Carnetovoj korisni\u010dkoj konferenciji 2018. u \u0160ibeniku. Branko Rai\u010dkovi\u0107, nastavnik [&hellip;]<\/p>\n","protected":false},"author":1,"featured_media":367,"parent":0,"menu_order":0,"comment_status":"closed","ping_status":"closed","template":"","meta":{"footnotes":""},"class_list":["post-84","page","type-page","status-publish","has-post-thumbnail","hentry"],"_links":{"self":[{"href":"http:\/\/drvokod.eu\/index.php?rest_route=\/wp\/v2\/pages\/84"}],"collection":[{"href":"http:\/\/drvokod.eu\/index.php?rest_route=\/wp\/v2\/pages"}],"about":[{"href":"http:\/\/drvokod.eu\/index.php?rest_route=\/wp\/v2\/types\/page"}],"author":[{"embeddable":true,"href":"http:\/\/drvokod.eu\/index.php?rest_route=\/wp\/v2\/users\/1"}],"replies":[{"embeddable":true,"href":"http:\/\/drvokod.eu\/index.php?rest_route=%2Fwp%2Fv2%2Fcomments&post=84"}],"version-history":[{"count":16,"href":"http:\/\/drvokod.eu\/index.php?rest_route=\/wp\/v2\/pages\/84\/revisions"}],"predecessor-version":[{"id":543,"href":"http:\/\/drvokod.eu\/index.php?rest_route=\/wp\/v2\/pages\/84\/revisions\/543"}],"wp:featuredmedia":[{"embeddable":true,"href":"http:\/\/drvokod.eu\/index.php?rest_route=\/wp\/v2\/media\/367"}],"wp:attachment":[{"href":"http:\/\/drvokod.eu\/index.php?rest_route=%2Fwp%2Fv2%2Fmedia&parent=84"}],"curies":[{"name":"wp","href":"https:\/\/api.w.org\/{rel}","templated":true}]}}