{"id":349,"date":"2020-05-17T11:23:33","date_gmt":"2020-05-17T11:23:33","guid":{"rendered":"http:\/\/drvokod.eu\/?page_id=349"},"modified":"2020-05-17T11:29:18","modified_gmt":"2020-05-17T11:29:18","slug":"nastava-na-daljinu-zanimljivosti","status":"publish","type":"page","link":"http:\/\/drvokod.eu\/?page_id=349","title":{"rendered":"Nastava na daljinu &#8211;  zanimljivosti"},"content":{"rendered":"<p style=\"text-align: right;\">Nastava na daljinu &#8211; zanimljivosti<\/p>\n<p><strong>U\u010cE\u0106I VI\u0160E O OKOLI\u0160U, BOLJE \u0106EMO GA \u010cUVATI!<\/strong><\/p>\n<p>Danas, kad smo suo\u010deni s velikom koli\u010dinom informacija od kojih poneke ba\u0161 i nisu lijepe, ve\u0107ina ih je vezana za dvije stvari, a to su informatika (nastava na daljinu, on-line rad od ku\u0107e i jo\u0161 mnogo toga) te biologiju (zdravlje, higijenu, prehranu pa i pandemiju virusa).<br \/>\nNo jedna od najznanstvenijih stvari je upravo veza izme\u0111u biologije i informatike.<br \/>\nProjekt DRVOKOD<br \/>\nOvdje \u0107emo ne\u0161to re\u0107i o jednom takvom projektu koji su osmislili u\u010ditelji IV. osnovne \u0161kole Bjelovar, Bernarda Musovi\u0107, u\u010diteljica biologije i Branko Rai\u010dkovi\u0107, u\u010ditelj informatike, pod nazivom DRVOKOD.<br \/>\nProjekt se zasniva na u\u010denju o na\u0161em okoli\u0161u, konkretno o biljnim vrstama koje okru\u017euju na\u0161u \u0161kolu. Zasniva se na edukacijsko-istra\u017eiva\u010dkom radu u\u010denika na izvannastavnoj aktivnosti Eko-informatika, te postavljanje sadr\u017eaja istra\u017eivanja o pojedinim biljnim vrstama na posebno dizajnirane web stranice na internetu &#8211; izvannastavna aktivnost Robotika. Rezultat suradnje je izrada QR kodova koji se postave na pripadaju\u0107e drvo, tako da svatko, o\u010ditavaju\u0107i QR kod sa mobitelom mo\u017ee saznati sve o doti\u010dnom drvetu.<br \/>\nCiljevi projekta:<br \/>\n\u2022 Promicanje ekolo\u0161kih vrijednosti i odr\u017eivog razvoja kroz primjenu informacijsko-komunikacijskih vje\u0161tina kori\u0161tenjem suvremenih tehnologija<br \/>\n\u2022 Prepoznavanje i imenovanje drve\u0107a u neposrednoj blizini \u0161kole i obilje\u017eavanje na elektroni\u010dki na\u010din.<br \/>\n\u2022 Razvijanje istra\u017eiva\u010dkog odnosa prema okoli\u0161u i dokumentiranje zapa\u017eanja putem kori\u0161tenja web stranica (izraditi web stranicu koriste\u0107i besplatne i jednostavne web alate, obraditi slike te ostale multimedijske datoteke za prikaz na mre\u017enom mjestu)<br \/>\n\u2022 Kori\u0161tenje izvora informacija dostupnih uz pomo\u0107 ra\u010dunalnih mre\u017ea, procjena kvalitete sadr\u017eaja i kredibiliteta ra\u010dunalnih stranica u svrhu vlastitog istra\u017eivanja, u\u010denja i rje\u0161avanja problema (GOO)<br \/>\n\u2022 Samostalno kori\u0161tenje ra\u010dunala pri pisanju i obradi tekstova, izradi tablica, te izradi i izlaganju prezentacija<br \/>\n\u2022 Razvijanje kreativnosti i rukovanja s alatima za oblikovanje informacija i prezentaciju \u0161kolskih aktivnosti u javnosti.<br \/>\n\u2022 Razvijanje ljubavi prema prirodi, zavi\u010daju i kulturnoj ba\u0161tini.<\/p>\n<p><strong>\u0160etnja \u0161kolskim dvori\u0161tem<\/strong><\/p>\n<p>Ovo prolje\u0107e je zapo\u010delo kao i svake godine, barem prividno. Priroda se probudila, biljke su u punom cvatu, sunce i mirisi nas mame van, no dogodilo se ne\u0161to \u0161to je zaustavilo nas, nas ljude. Znamo da zbog pandemije uzrokovane koronavirusom, iako bi vi\u0161e od svega voljeli u\u017eivati u prirodi, najbolja stvar koju trenutno mo\u017eemo u\u010diniti je ostati doma.<br \/>\nIako je netko ve\u0107 rekao da je ovo prolje\u0107e otkazano, zatvorene su granice, zatvoreni su muzeji, \u0161kole, vrti\u0107i, djeca ne mogu na igrali\u0161ta, u parkove, u vrtove ipak mogu jednom virtualnom \u0161etnjom posjetiti svoja \u0161kolska dvori\u0161ta i prisjetiti se \u0161arenih boja, rascvjetanih stabala, mirisa i zvukova ptica. U\u010denici na\u0161e \u0161kole, a i u\u010denici brojnih drugih \u0161kola koji su sudjelovali u projektu mogu virtualno pro\u0161etati i pogledati vrste drve\u0107a u svom okoli\u0161u. U\u010denici na malo druga\u010diji na\u010dini ipak i ove godine mogu obilje\u017eiti Tjedan arboretuma i botani\u010dkih vrtova koji se ina\u010de odr\u017eava u svibnju.<br \/>\nMogu pogledati fotografije drve\u0107a od pro\u0161le godine koje nam prikazuju kako su se pojedine vrste mijenjale tijekom godi\u0161njih doba, kako se mijenjala boja listova, kada su listovi otpadali sa grana, kakvi su oblici listova pojedinih stabala, kada je drve\u0107e po\u010delo cvjetati, kada su se razvijali plodovi i kada su nestajali. U malo druga\u010dijem izdanju, bez sadnje sadnica drve\u0107a ili sadnje cvije\u0107a, bez igranja igrice \u201ePogodi koje sam drvo\u201c i direktnog skeniranja QR kodova kojim o\u010ditavamo vrste i bez zajedni\u010dkog dru\u017eenja u \u0161koli.<br \/>\nPotaknut \u0107emo u\u010denike da posjete stranicu portala i da se prisjete nekih ljep\u0161ih dana koji \u0107e sigurno opet ubrzo do\u0107i i kada \u0107emo svi zajedno mo\u0107i sudjelovati u daljnjim aktivnostima kojima poti\u010demo u\u010denike na bri\u017ean odnos prema prirodi i o\u010duvanje onoga \u0161to nas okru\u017euje.<\/p>\n<p>Kao \u0161to smo napomenuli, svaka \u0161kola uklju\u010dena u projekt DRVOKOD ima zasebnu web stranicu. Na njoj se izme\u0111u ostalog nalaze i podaci o odre\u0111enim biljnim vrstama koje rastu u \u0161kolskom okoli\u0161u.<br \/>\nTu se mogu prona\u0107i razni podaci o toj biljnoj vrsti kao npr. morfolo\u0161ke karakteristike, vrijeme cvatnje, rasprostranjenost, stani\u0161te, razmno\u017eavanje, ljekovitost , za\u0161tita i sistematika.<br \/>\nSvaki tekst je popra\u0107en i kvalitetnim fotografijama.<br \/>\nZa pristup stranici nije potrebna autorizacija. Sredi\u0161nji portal svih stranica je drvokod.eu<br \/>\nili skeniramo QR kod.<\/p>\n<p>Zatim odaberemo tra\u017eenu \u0161kolu.<br \/>\nPosje\u0107enost stranice za otprilike godinu dana je preko 5000 pregleda.<\/p>\n<p>Mo\u017eemo naglasiti da su ovo prete\u017eito u\u010deni\u010dki radovi, a otprilike izgleda ovako:<br \/>\nStranica se nalazi na linku : <a href=\"https:\/\/bjelovar4.drvokod.eu\/drvored\/crveni-hrast\/\">https:\/\/bjelovar4.drvokod.eu\/drvored\/crveni-hrast\/<\/a><\/p>\n<p>ZNA\u010cAJKE: jestivost<br \/>\nKARAKTERISTIKE<br \/>\nCrveni hrast ( Quercus rubra L.) je listopadno drvo koje mo\u017ee dosegnuti visinu do 30 m, deblo je promjera do 2 m, kora je u mladosti siva i glatka, kasnije postaje zadebljana s plitkim raspuklinama. Mlade gran\u010dice su crvenkastosme\u0111e, pupoljci su crvenosme\u0111i, jajasti i veliki.<br \/>\nListovi su du\u017eine 12-20 cm i \u0161irine 10-12 cm, duguljasti do obrnuto jajasti sa 7-11 za\u0161iljenih re\u017enjeva i dubokim oblim urezima. Osnova lista je tupa do \u0161iroko klinasta dok je vrh za\u0161iljen. Lice lista je svijetlo i sjajnozeleno, a nali\u010dje dlakavo kod nervature. Listovi ujesen poprimaju crvenu ili crvenosme\u0111u boju.<br \/>\nCvjetovi su jednospolni, mu\u0161ki \u017eu\u0107kastozeleni u vise\u0107im resama, \u017eenski sitni pojedina\u010dni ili po dva. Plod je \u017eir du\u017eine 15-25 mm, \u0161irine 10-23 mm plitko smje\u0161ten u ljuskastoj kapici. Dozrijeva 18 mjeseci nakon opra\u0161ivanja.<br \/>\nCvjeta u svibnju, a plod donosi u jesen druge godine.<\/p>\n<p>RASPROSTRANJENOST<br \/>\nPrirodno raste na podru\u010dju Sjeverne Amerike na istoku i sjeveru prema Kanadi, a u Europi se po\u010deo uzgajati u 18. stolje\u0107u kao dekorativna vrsta. Relativno je brzog rasta, podnosi sjenu i tolerira razli\u010dita tla. Ne podnosi poplavljena, ali i suha stani\u0161ta. Otporno je na niske temperature i gradska zaga\u0111enja.<\/p>\n<p>RAZMNO\u017dAVANJE<br \/>\nRazmno\u017eava se sjemenom i sadnicama.<\/p>\n<p>KEMIJSKA SVOJSTVA<br \/>\nJestivi dio je \u017eir koji se mo\u017ee su\u0161iti i samljeti u bra\u0161no i to tek nakon \u0161to su tanini isprani ili iskuhani. Hidroliziraju\u0107i tanini su esteri fenolne kiseline i \u0161e\u0107era, prisutni kao galotanini djeluju antikancerogeno i \u0161tite od infekcija i upalnih reakcija.<br \/>\nOtrovni dio \u010dini mlado li\u0161\u0107e. Nakon gutanja javljaju se simptomi: bol u \u017eelucu, konstipacija i kasnije krvavi proljev, prekomjerna \u017ee\u0111 i mokrenje.<\/p>\n<p>SISTEMATIKA<br \/>\n\u2026\u2026<\/p>\n<p>Za sada se projektu pridru\u017eilo dvadesetak \u0161kola. Sve web stranice su javno dostupne i za sve u\u010denike \u010dije \u0161kole nisu u projektu.<\/p>\n<p>Popis \u0161kola:<br \/>\nO\u0160 Dore Peja\u010devi\u0107, Na\u0161ice<br \/>\nO\u0160 Ivana Gorana Kova\u010di\u0107a Sveti Juraj na Bregu<br \/>\nO\u0160 Vladimira Nazora, Daruvar<br \/>\nI. O\u0160 Bjelovar<br \/>\nIII. O\u0160 Bjelovar<br \/>\nIV. O\u0160 Bjelovar<br \/>\nO\u0160 Velika Pisanica<br \/>\nO\u0160 I. N. Jemer\u0161i\u0107a, Grubi\u0161no polje<br \/>\nO\u0160 Veliko Trojstvo<br \/>\nO\u0160 Rovi\u0161\u0107e<br \/>\nO\u0160 \u0110ulovac<br \/>\nO\u0160 \u010cazma<br \/>\nO\u0160 Mate Lovraka, Veliki Gr\u0111evac<br \/>\n\u010cO\u0160 J. A. Komenskog, Daruvar<br \/>\nII O\u0160 Bjelovar<br \/>\nO\u0160 Sira\u010d<br \/>\nO\u0160 Vladimir Nazor, \u010cepin<br \/>\nO\u0160 Vo\u0107in, Vo\u0107in<br \/>\nO\u0160 Eugena Kvaternika, Velika Gorica<br \/>\nO\u0160 22. lipnja, Sisak<br \/>\nO\u0160 Veli Vrh, Pula<br \/>\nO\u0160 Antuna Bauera, Vukovar<br \/>\nO\u0160 Blato, Kor\u010dula<br \/>\nO\u0160 Vijenac, Osijek<\/p>\n<p>Projekt se kontinuirano \u0161iri, pa kod nekih \u0161kola stranice su jo\u0161 u izradi. Dogradnja projekta je u pronala\u017eenju novih vrsta, dodavanje opisa i fotografija po godi\u0161njim dobima. Zna\u010dajno je i mogu\u0107nost kori\u0161tenju redovitoj nastavi biologije i informatike.<\/p>\n<p>Ovaj projekt je predstavljen na CARNet-ovoj korisni\u010dkoj konferenciji 2018. god u \u0160ibeniku, i na Me\u0111unarodnoj konferenciji Mipro, 2019. godine u Opatiji, gdje je ocjenjen kao vrhunski. Tako\u0111er je predstavljen putem webinara \u201e\u0160kola za \u017eivot\u201c, MZO u Projektu najuspje\u0161niji odgojno-obrazovni radnici, nagra\u0111eni 2019.<\/p>\n<p>Autori projekta DRVOKOD<br \/>\nBernarda Musovi\u0107, profesorica biologije i kemije. Aktivna u STEM podru\u010dju. Koristi napredne tehnologije u nastavi. Bavi se programiranjem i uvo\u0111enjem micro:bit-a u nastavu. Polaznik je mnogih CARNet-ovih te\u010daja i seminara.<br \/>\nAktivno je sudjelovala u osmi\u0161ljavanju projektu \u201cDrvokod\u201d, te njegovom predstavljanju na Carnetovoj korisni\u010dkoj konferenciji 2018. u \u0160ibeniku.<br \/>\nBranko Rai\u010dkovi\u0107, nastavnik matematike-fizike, u\u010ditelj-mentor informatike, voditelj vannastavne aktivnosti robotike. Dugogodi\u0161nji je mentor u\u010denika na dr\u017eavnim natjecanjima.<br \/>\nAktivno je sudjelovala u osmi\u0161ljavanju projektu \u201cDrvokod\u201d, te njegovom predstavljanju na CARNet-ovoj korisni\u010dkoj konferenciji 2018. u \u0160ibeniku i Me\u0111unarodnoj konferenciji Mipro 2019, u Opatiji.<br \/>\nDobitnik je mnogih priznanja za svoj rad: Povelja Hrvatske zajednice tehni\u010dke kulture, Grba grada Bjelovara za osobit doprinos u ovom podru\u010dju, micro:bit ambasador, te po\u010dasni instruktor-savjetnik HZTK i najuspje\u0161niji odgojno-obrazovni radnik, nagra\u0111en 2019. od MZO.<br \/>\nUjedno je i predsjednik Udruge informati\u010dara Bjelovarsko-bilogorske \u017eupanije i Predsjednik Zajednice tehni\u010dke kulture Bjelovarsko-bilogorske \u017eupanije.<\/p>\n<p>B&amp;B<\/p>\n","protected":false},"excerpt":{"rendered":"<p>Nastava na daljinu &#8211; zanimljivosti U\u010cE\u0106I VI\u0160E O OKOLI\u0160U, BOLJE \u0106EMO GA \u010cUVATI! Danas, kad smo suo\u010deni s velikom koli\u010dinom informacija od kojih poneke ba\u0161 i nisu lijepe, ve\u0107ina ih je vezana za dvije stvari, a to su informatika (nastava na daljinu, on-line rad od ku\u0107e i jo\u0161 mnogo toga) te biologiju (zdravlje, higijenu, prehranu [&hellip;]<\/p>\n","protected":false},"author":1,"featured_media":0,"parent":201,"menu_order":0,"comment_status":"closed","ping_status":"closed","template":"","meta":{"footnotes":""},"class_list":["post-349","page","type-page","status-publish","hentry"],"_links":{"self":[{"href":"http:\/\/drvokod.eu\/index.php?rest_route=\/wp\/v2\/pages\/349"}],"collection":[{"href":"http:\/\/drvokod.eu\/index.php?rest_route=\/wp\/v2\/pages"}],"about":[{"href":"http:\/\/drvokod.eu\/index.php?rest_route=\/wp\/v2\/types\/page"}],"author":[{"embeddable":true,"href":"http:\/\/drvokod.eu\/index.php?rest_route=\/wp\/v2\/users\/1"}],"replies":[{"embeddable":true,"href":"http:\/\/drvokod.eu\/index.php?rest_route=%2Fwp%2Fv2%2Fcomments&post=349"}],"version-history":[{"count":3,"href":"http:\/\/drvokod.eu\/index.php?rest_route=\/wp\/v2\/pages\/349\/revisions"}],"predecessor-version":[{"id":355,"href":"http:\/\/drvokod.eu\/index.php?rest_route=\/wp\/v2\/pages\/349\/revisions\/355"}],"up":[{"embeddable":true,"href":"http:\/\/drvokod.eu\/index.php?rest_route=\/wp\/v2\/pages\/201"}],"wp:attachment":[{"href":"http:\/\/drvokod.eu\/index.php?rest_route=%2Fwp%2Fv2%2Fmedia&parent=349"}],"curies":[{"name":"wp","href":"https:\/\/api.w.org\/{rel}","templated":true}]}}